{"id":62,"date":"2018-05-06T21:03:22","date_gmt":"2018-05-06T21:03:22","guid":{"rendered":"https:\/\/licence-infocom.parisnanterre.fr\/?page_id=62"},"modified":"2025-12-26T13:15:35","modified_gmt":"2025-12-26T13:15:35","slug":"contact","status":"publish","type":"page","link":"https:\/\/licence-infocom.parisnanterre.fr\/index.php\/contact\/","title":{"rendered":"Contacts"},"content":{"rendered":"<p><strong>Secr\u00e9tariat de la formation\u00a0:<\/strong><br \/>Joyce SILVA SEMEDO COSTA<\/p>\n<p>Universit\u00e9 Paris Nanterre<br \/>B\u00e2timent Ric\u0153ur (L), bureau L114<br \/>Ouverture : lundi, mardi et jeudi de 8h15 \u00e0 12h15 et de 13h30 \u00e0 16h15<\/p>\n<p>T\u00e9l. 01 40 97 70 75<br \/><a href=\"mailto:licence.infocom@liste.parisnanterre.fr\"><strong>licence.infocom@liste.parisnanterre.fr<\/strong><\/a><\/p>\n<p><strong>\u00a0<\/strong><\/p>\n<p><strong>Responsables de la formation :<\/strong><\/p>\n<p>Licence 1 : C\u00e9line MORIN, celine.morin@parisnanterre.fr<\/p>\n<p>Licence 2 : Jeanne FERRARI-GIOVANANGELI, jferrari@parisnanterre.fr<\/p>\n<p>Licence 3 &#8211; parcours audiovisuel : Victoria LAURENT, vlaurent@parisnanterre.fr<\/p>\n<p>Licence 3 &#8211; parcours web : C\u00e9cile PAYEUR, cecile.payeur@parisnanterre.fr<\/p>\n<p>\u00a0<\/p>\n<p><strong>Site du D\u00e9partement Information-Communication de Nanterre :<\/strong><br \/><a href=\"http:\/\/dep-infocom.u-paris10.fr\">http:\/\/dep-infocom.parisnanterre.fr<\/a><\/p>\n\n\n<p><\/p>\n","protected":false},"excerpt":{"rendered":"<p>Secr\u00e9tariat de la formation\u00a0:Joyce SILVA SEMEDO COSTA Universit\u00e9 Paris NanterreB\u00e2timent Ric\u0153ur (L), bureau L114Ouverture : lundi, mardi et jeudi de 8h15 \u00e0 12h15 et de 13h30 \u00e0 16h15 T\u00e9l. 01 40 97 70 75licence.infocom@liste.parisnanterre.fr \u00a0 Responsables de la formation : Licence 1 : C\u00e9line MORIN, celine.morin@parisnanterre.fr Licence 2 : Jeanne FERRARI-GIOVANANGELI, jferrari@parisnanterre.fr Licence 3 &#8211; [&hellip;]<\/p>\n","protected":false},"author":1,"featured_media":0,"parent":0,"menu_order":0,"comment_status":"closed","ping_status":"closed","template":"","meta":[],"_links":{"self":[{"href":"https:\/\/licence-infocom.parisnanterre.fr\/index.php\/wp-json\/wp\/v2\/pages\/62"}],"collection":[{"href":"https:\/\/licence-infocom.parisnanterre.fr\/index.php\/wp-json\/wp\/v2\/pages"}],"about":[{"href":"https:\/\/licence-infocom.parisnanterre.fr\/index.php\/wp-json\/wp\/v2\/types\/page"}],"author":[{"embeddable":true,"href":"https:\/\/licence-infocom.parisnanterre.fr\/index.php\/wp-json\/wp\/v2\/users\/1"}],"replies":[{"embeddable":true,"href":"https:\/\/licence-infocom.parisnanterre.fr\/index.php\/wp-json\/wp\/v2\/comments?post=62"}],"version-history":[{"count":10,"href":"https:\/\/licence-infocom.parisnanterre.fr\/index.php\/wp-json\/wp\/v2\/pages\/62\/revisions"}],"predecessor-version":[{"id":524,"href":"https:\/\/licence-infocom.parisnanterre.fr\/index.php\/wp-json\/wp\/v2\/pages\/62\/revisions\/524"}],"wp:attachment":[{"href":"https:\/\/licence-infocom.parisnanterre.fr\/index.php\/wp-json\/wp\/v2\/media?parent=62"}],"curies":[{"name":"wp","href":"https:\/\/api.w.org\/{rel}","templated":true}]}}