{"id":60,"date":"2018-05-06T21:02:05","date_gmt":"2018-05-06T21:02:05","guid":{"rendered":"https:\/\/licence-infocom.parisnanterre.fr\/?page_id=60"},"modified":"2023-02-11T21:44:43","modified_gmt":"2023-02-11T21:44:43","slug":"debouches","status":"publish","type":"page","link":"https:\/\/licence-infocom.parisnanterre.fr\/index.php\/debouches\/","title":{"rendered":"D\u00e9bouch\u00e9s"},"content":{"rendered":"<h2><strong>Poursuite d\u2019\u00e9tudes<\/strong><\/h2>\n<p>La Licence Information et Communication privil\u00e9gie la poursuite d&rsquo;\u00e9tudes au niveau Master. \u00c0 l&rsquo;issue de l&rsquo;obtention de la Licence 3 en Information et Communication, le D\u00e9partement Information et Communication propose la poursuite en trois parcours de Masters :<\/p>\n<ul>\n<li><b><a href=\"http:\/\/master-crdm.parisnanterre.fr\/\">Master Communication R\u00e9dactionnelle D\u00e9di\u00e9e au Multim\u00e9dia<\/a> <\/b>(CRDM);<\/li>\n<li><strong><a href=\"https:\/\/master-defi.parisnanterre.fr\">Master Documents \u00c9lectroniques et Flux d&rsquo;Informations<\/a><\/strong> (DEFI);<\/li>\n<li><a href=\"https:\/\/master-des.parisnanterre.fr\/\"><strong>Master Strat\u00e9gie Num\u00e9rique : Donn\u00e9es et Soci\u00e9t\u00e9<\/strong><\/a> (DeS) .<\/li>\n<\/ul>\n<p>La licence permet \u00e9galement d&rsquo;acc\u00e9der \u00e0 d&rsquo;autres masters en sciences humaines et sociales en France et \u00e0 l&rsquo;\u00e9tranger et aux concours pour les grandes \u00e9coles.<\/p>\n<h2><strong>Insertion professionnels<br \/>\n<\/strong><\/h2>\n<p>La Licence Information-Communication pr\u00e9pare aux m\u00e9tiers suivants :<\/p>\n<ul>\n<li>Charg\u00e9 de communication externe, interne<\/li>\n<li class=\"p2\">Charg\u00e9 de relations publiques<\/li>\n<li class=\"p2\">Charg\u00e9 des relations ext\u00e9rieures<\/li>\n<li class=\"p2\">Charg\u00e9 de relations presse<\/li>\n<li class=\"p2\">Concepteur de site web<\/li>\n<li class=\"p2\">R\u00e9dacteur web<\/li>\n<li>Community manager<\/li>\n<li class=\"p2\">Concepteur multim\u00e9dia<\/li>\n<li class=\"p2\">Webmestre<\/li>\n<\/ul>\n<p>Ces m\u00e9tiers permettent notamment d&rsquo;acc\u00e9der aux secteurs d&rsquo;activit\u00e9 suivants :<\/p>\n<ul>\n<li>Communication\u00a0 \/\/ M\u00e9dias<\/li>\n<li>Documentation \/\/ Information<\/li>\n<li>Internet \/\/ Num\u00e9rique \/\/ Multim\u00e9dia<\/li>\n<li>Presse \/\/ Edition<\/li>\n<\/ul>\n<p>Fiches ROME associ\u00e9es :<\/p>\n<ul>\n<li>E1103 \u2013 Communication<\/li>\n<li>E1101 \u2013 Animation de sites multim\u00e9dias<\/li>\n<li>E1104 \u2013 Conception de contenus multim\u00e9dias<\/li>\n<li>E1205 \u2013 R\u00e9alisation de contenus multim\u00e9dias,(M1805 \u2013 \u00c9tudes et d\u00e9veloppement informatique<\/li>\n<li>K1601Gestion de l&rsquo;information et de la documentation)<\/li>\n<\/ul>\n","protected":false},"excerpt":{"rendered":"<p>Poursuite d\u2019\u00e9tudes La Licence Information et Communication privil\u00e9gie la poursuite d&rsquo;\u00e9tudes au niveau Master. \u00c0 l&rsquo;issue de l&rsquo;obtention de la Licence 3 en Information et Communication, le D\u00e9partement Information et Communication propose la poursuite en trois parcours de Masters : Master Communication R\u00e9dactionnelle D\u00e9di\u00e9e au Multim\u00e9dia (CRDM); Master Documents \u00c9lectroniques et Flux d&rsquo;Informations (DEFI); Master [&hellip;]<\/p>\n","protected":false},"author":1,"featured_media":0,"parent":0,"menu_order":0,"comment_status":"closed","ping_status":"closed","template":"","meta":[],"_links":{"self":[{"href":"https:\/\/licence-infocom.parisnanterre.fr\/index.php\/wp-json\/wp\/v2\/pages\/60"}],"collection":[{"href":"https:\/\/licence-infocom.parisnanterre.fr\/index.php\/wp-json\/wp\/v2\/pages"}],"about":[{"href":"https:\/\/licence-infocom.parisnanterre.fr\/index.php\/wp-json\/wp\/v2\/types\/page"}],"author":[{"embeddable":true,"href":"https:\/\/licence-infocom.parisnanterre.fr\/index.php\/wp-json\/wp\/v2\/users\/1"}],"replies":[{"embeddable":true,"href":"https:\/\/licence-infocom.parisnanterre.fr\/index.php\/wp-json\/wp\/v2\/comments?post=60"}],"version-history":[{"count":11,"href":"https:\/\/licence-infocom.parisnanterre.fr\/index.php\/wp-json\/wp\/v2\/pages\/60\/revisions"}],"predecessor-version":[{"id":457,"href":"https:\/\/licence-infocom.parisnanterre.fr\/index.php\/wp-json\/wp\/v2\/pages\/60\/revisions\/457"}],"wp:attachment":[{"href":"https:\/\/licence-infocom.parisnanterre.fr\/index.php\/wp-json\/wp\/v2\/media?parent=60"}],"curies":[{"name":"wp","href":"https:\/\/api.w.org\/{rel}","templated":true}]}}