{"id":58,"date":"2018-05-06T20:54:05","date_gmt":"2018-05-06T20:54:05","guid":{"rendered":"https:\/\/licence-infocom.parisnanterre.fr\/?page_id=58"},"modified":"2025-12-26T13:26:31","modified_gmt":"2025-12-26T13:26:31","slug":"stage","status":"publish","type":"page","link":"https:\/\/licence-infocom.parisnanterre.fr\/index.php\/stage\/","title":{"rendered":"Stage en L3"},"content":{"rendered":"<p>La troisi\u00e8me ann\u00e9e de Licence en Information et Communication est tourn\u00e9e vers l&rsquo;insertion professionnelle. Le second semestre est compl\u00e8tement d\u00e9di\u00e9 au stage. Le stage d&rsquo;application de <strong>3 mois minimum<\/strong> permet de s&rsquo;initier \u00e0 l&rsquo;un des m\u00e9tiers de l&rsquo;information et de la communication en coh\u00e9rence avec les objectifs de la formation. Il donne lieu \u00e0 la r\u00e9daction d&rsquo;un rapport de stage bas\u00e9 sur la culture m\u00e9thodologique, les comp\u00e9tences r\u00e9dactionnelles et linguistiques de l&rsquo;\u00e9tudiant.<\/p>\n<div id=\"attachment_84\" style=\"width: 531px\" class=\"wp-caption aligncenter\"><img aria-describedby=\"caption-attachment-84\" decoding=\"async\" loading=\"lazy\" class=\"wp-image-84 size-full\" src=\"https:\/\/licence-infocom.parisnanterre.fr\/wp-content\/uploads\/2018\/05\/Stage_licence.jpg\" alt=\"Organismes ayant accueilli nos \u00e9tudiants en stage en 2017\/2018\" width=\"521\" height=\"354\" srcset=\"https:\/\/licence-infocom.parisnanterre.fr\/wp-content\/uploads\/2018\/05\/Stage_licence.jpg 521w, https:\/\/licence-infocom.parisnanterre.fr\/wp-content\/uploads\/2018\/05\/Stage_licence-300x204.jpg 300w\" sizes=\"(max-width: 521px) 100vw, 521px\" \/><p id=\"caption-attachment-84\" class=\"wp-caption-text\">Organismes ayant accueilli nos \u00e9tudiants en stage en 2017\/2018<\/p><\/div>\n<p>L\u2019\u00e9tudiant doit s\u2019assurer de l\u2019obtention de l\u2019accord d\u2019un enseignant r\u00e9f\u00e9rent pour effectuer un stage. Le Bureau des stages peut demander la pr\u00e9sentation d\u2019une copie du mail d\u2019accord de l\u2019enseignant r\u00e9f\u00e9rent avant l\u2019\u00e9dition de la convention de stage.<\/p>\n<p>La convention de stage soit imp\u00e9rativement \u00eatre sign\u00e9e par toutes les parties et valid\u00e9e par le bureau des stages avant le d\u00e9but du stage.<\/p>\n\n\n<p><\/p>\n","protected":false},"excerpt":{"rendered":"<p>La troisi\u00e8me ann\u00e9e de Licence en Information et Communication est tourn\u00e9e vers l&rsquo;insertion professionnelle. Le second semestre est compl\u00e8tement d\u00e9di\u00e9 au stage. Le stage d&rsquo;application de 3 mois minimum permet de s&rsquo;initier \u00e0 l&rsquo;un des m\u00e9tiers de l&rsquo;information et de la communication en coh\u00e9rence avec les objectifs de la formation. Il donne lieu \u00e0 la [&hellip;]<\/p>\n","protected":false},"author":1,"featured_media":0,"parent":0,"menu_order":0,"comment_status":"closed","ping_status":"closed","template":"","meta":[],"_links":{"self":[{"href":"https:\/\/licence-infocom.parisnanterre.fr\/index.php\/wp-json\/wp\/v2\/pages\/58"}],"collection":[{"href":"https:\/\/licence-infocom.parisnanterre.fr\/index.php\/wp-json\/wp\/v2\/pages"}],"about":[{"href":"https:\/\/licence-infocom.parisnanterre.fr\/index.php\/wp-json\/wp\/v2\/types\/page"}],"author":[{"embeddable":true,"href":"https:\/\/licence-infocom.parisnanterre.fr\/index.php\/wp-json\/wp\/v2\/users\/1"}],"replies":[{"embeddable":true,"href":"https:\/\/licence-infocom.parisnanterre.fr\/index.php\/wp-json\/wp\/v2\/comments?post=58"}],"version-history":[{"count":8,"href":"https:\/\/licence-infocom.parisnanterre.fr\/index.php\/wp-json\/wp\/v2\/pages\/58\/revisions"}],"predecessor-version":[{"id":529,"href":"https:\/\/licence-infocom.parisnanterre.fr\/index.php\/wp-json\/wp\/v2\/pages\/58\/revisions\/529"}],"wp:attachment":[{"href":"https:\/\/licence-infocom.parisnanterre.fr\/index.php\/wp-json\/wp\/v2\/media?parent=58"}],"curies":[{"name":"wp","href":"https:\/\/api.w.org\/{rel}","templated":true}]}}