{"id":472,"date":"2023-02-12T13:52:32","date_gmt":"2023-02-12T13:52:32","guid":{"rendered":"https:\/\/licence-infocom.parisnanterre.fr\/?page_id=472"},"modified":"2026-04-12T09:14:22","modified_gmt":"2026-04-12T09:14:22","slug":"candidatures-en-l2-ou-l3","status":"publish","type":"page","link":"https:\/\/licence-infocom.parisnanterre.fr\/index.php\/candidatures-en-l2-ou-l3\/","title":{"rendered":"Candidature en L2 ou L3"},"content":{"rendered":"\n<p>Les candidatures en deuxi\u00e8me et troisi\u00e8me ann\u00e9e (L2 et L3) de la licence  Information-Communication de l&rsquo;Universit\u00e9 Paris Nanterre se font sur la plateforme de l&rsquo;universit\u00e9 :<strong> <a href=\"https:\/\/ecandidat.parisnanterre.fr\">ecandidat.parisnanterre.fr<\/a><\/strong> . Pour la rentr\u00e9e 2026, le d\u00e9p\u00f4t des dossiers sera ouvert <strong>du 9 mars au 8 mai 2026<\/strong>.<\/p>\n\n\n\n<p>Les L2 et L3 Information et communication sont accessibles, sur avis de la commission p\u00e9dagogique, \u00e0 des \u00e9tudiants issus de diverses formations (DUT\/BUT, notamment MMI et Info-Com; BTS, notamment Communication; Licences de Lettres, Sciences Humaines et Sociales, notamment Humanit\u00e9s, Arts du spectacle, Sciences du langage, etc.), ainsi qu\u2019\u00e0 des candidats en reprise d\u2019\u00e9tudes.<\/p>\n\n\n\n<p>Pour bien pr\u00e9parer votre dossier :<\/p>\n\n\n\n<ul>\n<li>Respectez scrupuleusement le calendrier et les consignes de d\u00e9p\u00f4t ;<\/li>\n\n\n\n<li>Pr\u00e9parez toutes les <strong>pi\u00e8ces demand\u00e9es<\/strong> sur la plateforme econdidat ;<\/li>\n\n\n\n<li>Soignez votre <strong>lettre de motivation<\/strong> (Pourquoi information-communication ? Pourquoi Nanterre ? Quel est votre projet professionnel ? Quelles comp\u00e9tences ou exp\u00e9riences avez-vous d\u00e9j\u00e0 acquis dans le domaine ?)<\/li>\n<\/ul>\n\n\n\n<p>N&rsquo;h\u00e9sitez pas \u00e0 nous contacter si vous avez une question <a href=\"mailto:licence.infocom@liste.parisnanterre.fr\">licence.infocom@liste.parisnanterre.fr<\/a><\/p>\n","protected":false},"excerpt":{"rendered":"<p>Les candidatures en deuxi\u00e8me et troisi\u00e8me ann\u00e9e (L2 et L3) de la licence Information-Communication de l&rsquo;Universit\u00e9 Paris Nanterre se font sur la plateforme de l&rsquo;universit\u00e9 : ecandidat.parisnanterre.fr . Pour la rentr\u00e9e 2026, le d\u00e9p\u00f4t des dossiers sera ouvert du 9 mars au 8 mai 2026. Les L2 et L3 Information et communication sont accessibles, sur [&hellip;]<\/p>\n","protected":false},"author":4,"featured_media":0,"parent":0,"menu_order":0,"comment_status":"closed","ping_status":"closed","template":"","meta":[],"_links":{"self":[{"href":"https:\/\/licence-infocom.parisnanterre.fr\/index.php\/wp-json\/wp\/v2\/pages\/472"}],"collection":[{"href":"https:\/\/licence-infocom.parisnanterre.fr\/index.php\/wp-json\/wp\/v2\/pages"}],"about":[{"href":"https:\/\/licence-infocom.parisnanterre.fr\/index.php\/wp-json\/wp\/v2\/types\/page"}],"author":[{"embeddable":true,"href":"https:\/\/licence-infocom.parisnanterre.fr\/index.php\/wp-json\/wp\/v2\/users\/4"}],"replies":[{"embeddable":true,"href":"https:\/\/licence-infocom.parisnanterre.fr\/index.php\/wp-json\/wp\/v2\/comments?post=472"}],"version-history":[{"count":8,"href":"https:\/\/licence-infocom.parisnanterre.fr\/index.php\/wp-json\/wp\/v2\/pages\/472\/revisions"}],"predecessor-version":[{"id":539,"href":"https:\/\/licence-infocom.parisnanterre.fr\/index.php\/wp-json\/wp\/v2\/pages\/472\/revisions\/539"}],"wp:attachment":[{"href":"https:\/\/licence-infocom.parisnanterre.fr\/index.php\/wp-json\/wp\/v2\/media?parent=472"}],"curies":[{"name":"wp","href":"https:\/\/api.w.org\/{rel}","templated":true}]}}