{"id":222,"date":"2019-10-10T12:03:21","date_gmt":"2019-10-10T12:03:21","guid":{"rendered":"https:\/\/licence-infocom.parisnanterre.fr\/?page_id=222"},"modified":"2025-12-26T12:47:59","modified_gmt":"2025-12-26T12:47:59","slug":"nouvelle-maquette","status":"publish","type":"page","link":"https:\/\/licence-infocom.parisnanterre.fr\/index.php\/nouvelle-maquette\/","title":{"rendered":"Programme"},"content":{"rendered":"\n<p><em>Nous travaillons actuellement \u00e0 la finalisation de la nouvelle maquette de la licence, qui entrera en vigueur \u00e0 la rentr\u00e9e de septembre 2026. Quelques cours ont \u00e9t\u00e9 modifi\u00e9s et ajout\u00e9s, pour suivre l&rsquo;\u00e9volution du domaine, tandis que les deux parcours de L3 ont \u00e9t\u00e9 fusionn\u00e9s en un seul. Des ajustements sont encore possibles. Le programme de l&rsquo;ann\u00e9e en cours reste affich\u00e9 plus bas sur cette page.<\/em><\/p>\n\n\n\n<h2>Programme \u00e0 partir de 2026-27<\/h2>\n\n\n\n<h3>Semestre 1 (L1)<\/h3>\n\n\n\n<ul>\n<li>Enseignements fondamentaux\n<ul>\n<li>Th\u00e9orie de la communication (CM)<\/li>\n\n\n\n<li>S\u00e9miotique de l&rsquo;image (CM)<\/li>\n\n\n\n<li>Syst\u00e8mes et informatique (CM)<\/li>\n\n\n\n<li>Histoire des sciences et des techniques (CM)<\/li>\n\n\n\n<li>Culture g\u00e9n\u00e9rale (CM)<\/li>\n<\/ul>\n<\/li>\n\n\n\n<li>Enseignements compl\u00e9mentaires\n<ul>\n<li>Publication assist\u00e9e par ordinateur (TD)<\/li>\n\n\n\n<li>Atelier d&rsquo;expression \u00e9crite 1 (TD)<\/li>\n\n\n\n<li>Un cours d&rsquo;ouverture au choix parmi :\n<ul>\n<li>Probl\u00e9matiques interculturelles 1 : globalisation et transferts<\/li>\n\n\n\n<li>Pratiques culturelles 1\u00a0: initiation aux arts de l\u2019image<\/li>\n\n\n\n<li>Signes, langage, soci\u00e9t\u00e9<\/li>\n<\/ul>\n<\/li>\n<\/ul>\n<\/li>\n\n\n\n<li>Comp\u00e9tences linguistiques : une langue au choix dans le catalogue de l&rsquo;universit\u00e9<\/li>\n\n\n\n<li>Comp\u00e9tences transversales et projets\n<ul>\n<li>M\u00e9thodologie du travail universitaire 1<\/li>\n\n\n\n<li>Ma\u00eetrise du fran\u00e7ais \u00e9crit 1<\/li>\n<\/ul>\n<\/li>\n<\/ul>\n\n\n\n<h3>Semestre 2 (L1)<\/h3>\n\n\n\n<ul>\n<li>Enseignements fondamentaux\n<ul>\n<li>Culture num\u00e9rique (CM)<\/li>\n\n\n\n<li>M\u00e9thode d&rsquo;analyse des m\u00e9dias (CM)<\/li>\n\n\n\n<li>Histoire de la communication et des m\u00e9dias (CM)<\/li>\n\n\n\n<li>Sociologie des id\u00e9es (CM)<\/li>\n\n\n\n<li>Communication d&rsquo;entreprise (CM)<\/li>\n<\/ul>\n<\/li>\n\n\n\n<li>Enseignements compl\u00e9mentaires\n<ul>\n<li>Algorithmique et programmation (TD)<\/li>\n\n\n\n<li>Atelier d&rsquo;expression \u00e9crite 2 (TD)<\/li>\n\n\n\n<li>Un cours d&rsquo;ouverture au choix parmi :\n<ul>\n<li>Probl\u00e9matiques interculturelles 2 : langues et mobilit\u00e9s<\/li>\n\n\n\n<li>Texte et image<\/li>\n\n\n\n<li>Linguistique et nouvelles technologies<\/li>\n<\/ul>\n<\/li>\n<\/ul>\n<\/li>\n\n\n\n<li>Comp\u00e9tences linguistiques : une langue au choix dans le catalogue de l&rsquo;universit\u00e9<\/li>\n\n\n\n<li>Comp\u00e9tences transversales et projets\n<ul>\n<li>Transitions \u00e9cologiques 1<\/li>\n\n\n\n<li>M\u00e9thodologie du travail universitaire 2<\/li>\n<\/ul>\n<\/li>\n<\/ul>\n\n\n\n<h3>Semestre 3 (L2)<\/h3>\n\n\n\n<ul>\n<li>Enseignements fondamentaux\n<ul>\n<li>Identit\u00e9 num\u00e9rique (CM)<\/li>\n\n\n\n<li>Archives et m\u00e9diations (CM)<\/li>\n\n\n\n<li>Droit de l&rsquo;information et de la communication (CM)<\/li>\n\n\n\n<li>Communication et vulgarisation scientifique (CM)<\/li>\n\n\n\n<li>Communication inclusive et accessibilit\u00e9 (CM)<\/li>\n<\/ul>\n<\/li>\n\n\n\n<li>Enseignements compl\u00e9mentaires\n<ul>\n<li>Initiation aux statistiques (TD)<\/li>\n\n\n\n<li>Atelier d&rsquo;expression d&rsquo;\u00e9crite 3 (TD)<\/li>\n\n\n\n<li>Un cours d&rsquo;ouverture au choix parmi :\n<ul>\n<li>Probl\u00e9matiques interculturelles 3 : patrimoine, art<\/li>\n\n\n\n<li>Formes et genres 4 : litt\u00e9rature non fictionnelle<\/li>\n\n\n\n<li>\u00c9tude comparatiste d\u2019un texte de langue \u00e9trang\u00e8re 1<\/li>\n\n\n\n<li>Humanit\u00e9s num\u00e9riques<\/li>\n<\/ul>\n<\/li>\n<\/ul>\n<\/li>\n\n\n\n<li>Comp\u00e9tences linguistiques : une langue au choix dans le catalogue de l&rsquo;universit\u00e9<\/li>\n\n\n\n<li>Comp\u00e9tences transversales et projets\n<ul>\n<li>Comp\u00e9tences num\u00e9riques : machines et logiciels<\/li>\n\n\n\n<li>Transitions \u00e9cologiques 2<\/li>\n<\/ul>\n<\/li>\n<\/ul>\n\n\n\n<h3>Semestre 4 (L2)<\/h3>\n\n\n\n<ul>\n<li>Enseignements fondamentaux\n<ul>\n<li>Th\u00e9orie de l&rsquo;information (CM)<\/li>\n\n\n\n<li>Socio\u00e9conomie de la communication et des m\u00e9dias (CM)<\/li>\n\n\n\n<li>Cr\u00e9ation audiovisuelle (CM + TD)<\/li>\n\n\n\n<li>Programmation informatique (CM + TD)<\/li>\n<\/ul>\n<\/li>\n\n\n\n<li>Enseignements compl\u00e9mentaires\n<ul>\n<li>S\u00e9miologie de la communication et des m\u00e9dias (TD)<\/li>\n\n\n\n<li>Statistiques et traitement des donn\u00e9es (TD)<\/li>\n\n\n\n<li>EC Atelier d&rsquo;expression \u00e9crite 4 (TD)<\/li>\n<\/ul>\n<\/li>\n\n\n\n<li>Comp\u00e9tences linguistiques : une langue au choix dans le catalogue de l&rsquo;universit\u00e9<\/li>\n\n\n\n<li>Comp\u00e9tences transversales et projets\n<ul>\n<li>Mise en pratique disciplinaire<\/li>\n\n\n\n<li>Outils de professionnalisation<\/li>\n<\/ul>\n<\/li>\n<\/ul>\n\n\n\n<h3>Semestre 5 (L3)<\/h3>\n\n\n\n<ul>\n<li>Enseignements fondamentaux\n<ul>\n<li>Communication publique et politique (CM)<\/li>\n\n\n\n<li>Participation num\u00e9rique (CM)<\/li>\n\n\n\n<li>Strat\u00e9gie marketing (CM)<\/li>\n\n\n\n<li>Langages du web (CM)<\/li>\n\n\n\n<li>Langages audiovisuels (CM)<\/li>\n<\/ul>\n<\/li>\n\n\n\n<li>Enseignements compl\u00e9mentaires\n<ul>\n<li>Conception projet web (TD)<\/li>\n\n\n\n<li>Conception projet audiovisuel (TD)<\/li>\n\n\n\n<li>Atelier insertion professionnelle (TD)<\/li>\n<\/ul>\n<\/li>\n\n\n\n<li>Comp\u00e9tences linguistiques : une langue au choix dans le catalogue de l&rsquo;universit\u00e9<\/li>\n\n\n\n<li>Comp\u00e9tences transversales et projets\n<ul>\n<li>Atelier d&rsquo;\u00e9loquence<\/li>\n\n\n\n<li>Culture de la donn\u00e9e<\/li>\n<\/ul>\n<\/li>\n<\/ul>\n\n\n\n<h3>Semestre 6 (L3)<\/h3>\n\n\n\n<ul>\n<li>Enseignements fondamentaux\n<ul>\n<li>Projet transm\u00e9dia (TD)<\/li>\n\n\n\n<li>M\u00e9thodologie du rapport de stage (TD)<\/li>\n\n\n\n<li>Stage obligatoire (3 mois minimum)<\/li>\n<\/ul>\n<\/li>\n\n\n\n<li>Comp\u00e9tences linguistiques\n<ul>\n<li>Valorisation internationale du stage<\/li>\n<\/ul>\n<\/li>\n<\/ul>\n\n\n\n<h2>Programme jusqu&rsquo;\u00e0 2025-26 :<\/h2>\n\n\n<h3><strong>Premi\u00e8re ann\u00e9e<\/strong><\/h3>\n<table width=\"100%\">\n<tbody>\n<tr>\n<td width=\"70%\"><strong>SEMESTRE 1<\/strong><\/td>\n<td width=\"10%\">ECTS<\/td>\n<td width=\"10%\">CM<\/td>\n<td width=\"10%\">TD<\/td>\n<\/tr>\n<tr>\n<td><strong>U1 Communication, information 1<\/strong><\/td>\n<td><strong>12<\/strong><\/td>\n<td>\u00a0<\/td>\n<td>\u00a0<\/td>\n<\/tr>\n<tr>\n<td>Th\u00e9ories de la communication<\/td>\n<td>3<\/td>\n<td>24<\/td>\n<td>\u00a0<\/td>\n<\/tr>\n<tr>\n<td>Histoire de la communication et des m\u00e9dias<\/td>\n<td>3<\/td>\n<td>24<\/td>\n<td>\u00a0<\/td>\n<\/tr>\n<tr>\n<td>Syst\u00e8mes et informatique<\/td>\n<td>3<\/td>\n<td>24<\/td>\n<td>\u00a0<\/td>\n<\/tr>\n<tr>\n<td>Outils pour la communication (Bureautique)<\/td>\n<td>3<\/td>\n<td>\u00a0<\/td>\n<td>24<\/td>\n<\/tr>\n<tr>\n<td><strong>U2 Connaissances et comp\u00e9tences communicationnelles<\/strong><\/td>\n<td><strong>9<\/strong><\/td>\n<td>\u00a0<\/td>\n<td>\u00a0<\/td>\n<\/tr>\n<tr>\n<td>Signes, langages et soci\u00e9t\u00e9 <em>ou<\/em> Litt\u00e9rature 18e-21e<\/td>\n<td>3<\/td>\n<td>\u00a0<\/td>\n<td>24<\/td>\n<\/tr>\n<tr>\n<td>Histoire des sciences et des techniques<\/td>\n<td>3<\/td>\n<td>\u00a0<\/td>\n<td>24<\/td>\n<\/tr>\n<tr>\n<td>Atelier d&rsquo;expression \u00e9crite pour la communication 1<\/td>\n<td>3<\/td>\n<td>\u00a0<\/td>\n<td>24<\/td>\n<\/tr>\n<tr>\n<td><strong>U3 Anglais<\/strong><\/td>\n<td><strong>3<\/strong><\/td>\n<td>\u00a0<\/td>\n<td>\u00a0<\/td>\n<\/tr>\n<tr>\n<td>Anglais<\/td>\n<td>3<\/td>\n<td>\u00a0<\/td>\n<td>24<\/td>\n<\/tr>\n<tr>\n<td><strong>U4 Projet(s) et exp\u00e9rience(s) de l&rsquo;\u00e9tudiant.e<\/strong><\/td>\n<td><strong>0<\/strong><\/td>\n<td>\u00a0<\/td>\n<td>\u00a0<\/td>\n<\/tr>\n<tr>\n<td>Projet(s) et exp\u00e9rience(s) de l&rsquo;\u00e9tudiant.e<\/td>\n<td>0<\/td>\n<td>\u00a0<\/td>\n<td>12<\/td>\n<\/tr>\n<tr>\n<td><strong>U5 Comp\u00e9tences transversales<\/strong><\/td>\n<td><strong>6<\/strong><\/td>\n<td>\u00a0<\/td>\n<td>\u00a0<\/td>\n<\/tr>\n<tr>\n<td>Ma\u00eetrise de la langue fran\u00e7aise<\/td>\n<td>1.5<\/td>\n<td>\u00a0<\/td>\n<td>18<\/td>\n<\/tr>\n<tr>\n<td>M\u00e9thodologie du travail universitaire<\/td>\n<td>1.5<\/td>\n<td>\u00a0<\/td>\n<td>12<\/td>\n<\/tr>\n<tr>\n<td>Grands rep\u00e8res 1<\/td>\n<td>3<\/td>\n<td>\u00a0<\/td>\n<td>24<\/td>\n<\/tr>\n<\/tbody>\n<\/table>\n<table>\n<tbody>\n<tr>\n<td width=\"70%\"><strong>SEMESTRE 2<\/strong><\/td>\n<td width=\"10%\">ECTS<\/td>\n<td width=\"10%\">CM<\/td>\n<td width=\"10%\">TD<\/td>\n<\/tr>\n<tr>\n<td><strong>U1 Communication, information 2<\/strong><\/td>\n<td><strong>12<\/strong><\/td>\n<td>\u00a0<\/td>\n<td>\u00a0<\/td>\n<\/tr>\n<tr>\n<td>Culture num\u00e9rique<\/td>\n<td>3<\/td>\n<td>24<\/td>\n<td>\u00a0<\/td>\n<\/tr>\n<tr>\n<td>M\u00e9thodes d&rsquo;analyse des m\u00e9dias<\/td>\n<td>3<\/td>\n<td>24<\/td>\n<td>\u00a0<\/td>\n<\/tr>\n<tr>\n<td>Algorithmique et programmation<\/td>\n<td>3<\/td>\n<td>\u00a0<\/td>\n<td>24<\/td>\n<\/tr>\n<tr>\n<td>Publication Assist\u00e9e par Ordinateur<\/td>\n<td>3<\/td>\n<td>\u00a0<\/td>\n<td>24<\/td>\n<\/tr>\n<tr>\n<td><strong>U2 Connaissances et comp\u00e9tences communicationnelles 2<\/strong><\/td>\n<td><strong>9<\/strong><\/td>\n<td>\u00a0<\/td>\n<td>\u00a0<\/td>\n<\/tr>\n<tr>\n<td>Sociologie des id\u00e9es<\/td>\n<td>3<\/td>\n<td>24<\/td>\n<td>\u00a0<\/td>\n<\/tr>\n<tr>\n<td>Communication d&rsquo;entreprise<\/td>\n<td>3<\/td>\n<td>24<\/td>\n<td>\u00a0<\/td>\n<\/tr>\n<tr>\n<td>Atelier d&rsquo;expression \u00e9crite pour la communication 2<\/td>\n<td>3<\/td>\n<td>\u00a0<\/td>\n<td>24<\/td>\n<\/tr>\n<tr>\n<td><strong>U3 Anglais<\/strong><\/td>\n<td><strong>3<\/strong><\/td>\n<td>\u00a0<\/td>\n<td>\u00a0<\/td>\n<\/tr>\n<tr>\n<td>Anglais<\/td>\n<td>3<\/td>\n<td>\u00a0<\/td>\n<td>24<\/td>\n<\/tr>\n<tr>\n<td><strong>U4 Projet(s) et exp\u00e9rience(s) de l\u2019\u00e9tudiant.e<\/strong><\/td>\n<td><strong>3<\/strong><\/td>\n<td>\u00a0<\/td>\n<td>\u00a0<\/td>\n<\/tr>\n<tr>\n<td>Connaissance de soi et des m\u00e9tiers<\/td>\n<td>3<\/td>\n<td>\u00a0<\/td>\n<td>18<\/td>\n<\/tr>\n<tr>\n<td><strong>U5 Comp\u00e9tences transversales<\/strong><\/td>\n<td><strong>3<\/strong><\/td>\n<td>\u00a0<\/td>\n<td>\u00a0<\/td>\n<\/tr>\n<tr>\n<td>Grands rep\u00e8res 2<\/td>\n<td>3<\/td>\n<td>\u00a0<\/td>\n<td>24<\/td>\n<\/tr>\n<\/tbody>\n<\/table>\n<h3><strong>Deuxi\u00e8me ann\u00e9e<\/strong><\/h3>\n<table>\n<tbody>\n<tr>\n<td width=\"70%\"><strong>SEMESTRE 3<\/strong><\/td>\n<td width=\"10%\">ECTS<\/td>\n<td width=\"10%\">CM<\/td>\n<td width=\"10%\">TD<\/td>\n<\/tr>\n<tr>\n<td><strong>U1 Communication, information 3<\/strong><\/td>\n<td><strong>15<\/strong><\/td>\n<td>\u00a0<\/td>\n<td>\u00a0<\/td>\n<\/tr>\n<tr>\n<td>Th\u00e9ories de l&rsquo;information<\/td>\n<td>3<\/td>\n<td>24<\/td>\n<td>\u00a0<\/td>\n<\/tr>\n<tr>\n<td>Archives et m\u00e9diations (en collaboration avec La Contemporaine)<\/td>\n<td>3<\/td>\n<td>24<\/td>\n<td>\u00a0<\/td>\n<\/tr>\n<tr>\n<td>Initiation aux statistiques<\/td>\n<td>4,5<\/td>\n<td>24<\/td>\n<td>12<\/td>\n<\/tr>\n<tr>\n<td>Gestion et traitement des donn\u00e9es<\/td>\n<td>4,5<\/td>\n<td>12<\/td>\n<td>24<\/td>\n<\/tr>\n<tr>\n<td><strong>U2 Connaissances et comp\u00e9tences communicationnelles 3<\/strong><\/td>\n<td><strong>9<\/strong><\/td>\n<td>\u00a0<\/td>\n<td>\u00a0<\/td>\n<\/tr>\n<tr>\n<td>Sociolinguistique g\u00e9n\u00e9rale <em>ou<\/em> Humanit\u00e9s num\u00e9riques<\/td>\n<td>3<\/td>\n<td>\u00a0<\/td>\n<td>24<\/td>\n<\/tr>\n<tr>\n<td>Droit de l&rsquo;information et de la communication<\/td>\n<td>3<\/td>\n<td>24<\/td>\n<td>\u00a0<\/td>\n<\/tr>\n<tr>\n<td>Atelier \u00c9criture participative et Wiki<\/td>\n<td>3<\/td>\n<td>\u00a0<\/td>\n<td>24<\/td>\n<\/tr>\n<tr>\n<td><strong>U3 Anglais<\/strong><\/td>\n<td><strong>3<\/strong><\/td>\n<td>\u00a0<\/td>\n<td>\u00a0<\/td>\n<\/tr>\n<tr>\n<td>Anglais<\/td>\n<td>3<\/td>\n<td>\u00a0<\/td>\n<td>24<\/td>\n<\/tr>\n<tr>\n<td><strong>U4 Projets et exp\u00e9riences<\/strong><\/td>\n<td><strong>1,5<\/strong><\/td>\n<td>\u00a0<\/td>\n<td>\u00a0<\/td>\n<\/tr>\n<tr>\n<td>Activit\u00e9s engag\u00e9es<\/td>\n<td>1,5<\/td>\n<td>\u00a0<\/td>\n<td>12<\/td>\n<\/tr>\n<tr>\n<td><strong>U5 Comp\u00e9tences transversales<\/strong><\/td>\n<td><strong>1,5<\/strong><\/td>\n<td>\u00a0<\/td>\n<td>\u00a0<\/td>\n<\/tr>\n<tr>\n<td>Comp\u00e9tences num\u00e9riques : Machines et Logiciels<\/td>\n<td>1,5<\/td>\n<td>\u00a0<\/td>\n<td>18<\/td>\n<\/tr>\n<\/tbody>\n<\/table>\n<table>\n<tbody>\n<tr>\n<td width=\"70%\"><strong>SEMESTRE 4<\/strong><\/td>\n<td width=\"10%\">ECTS<\/td>\n<td width=\"10%\">CM<\/td>\n<td width=\"10%\">TD<\/td>\n<\/tr>\n<tr>\n<td><strong>U1 Communication, information 4<\/strong><\/td>\n<td><strong>15<\/strong><\/td>\n<td>\u00a0<\/td>\n<td>\u00a0<\/td>\n<\/tr>\n<tr>\n<td>Identit\u00e9s num\u00e9riques<\/td>\n<td>3<\/td>\n<td>24<\/td>\n<td>\u00a0<\/td>\n<\/tr>\n<tr>\n<td>Socio-\u00e9conomie de la culture et des m\u00e9dias<\/td>\n<td>3<\/td>\n<td>24<\/td>\n<td>\u00a0<\/td>\n<\/tr>\n<tr>\n<td>Cr\u00e9ation audiovisuelle<\/td>\n<td>4,5<\/td>\n<td>12<\/td>\n<td>24<\/td>\n<\/tr>\n<tr>\n<td>Programmation informatique<\/td>\n<td>4,5<\/td>\n<td>12<\/td>\n<td>24<\/td>\n<\/tr>\n<tr>\n<td><strong>U2 Connaissances et comp\u00e9tences communicationnelles 4<\/strong><\/td>\n<td><strong>9<\/strong><\/td>\n<td>\u00a0<\/td>\n<td>\u00a0<\/td>\n<\/tr>\n<tr>\n<td>Discours texte 1 <em>ou<\/em> Exploration de corpus <em>ou<\/em> Communication et vulgarisation scientifique<\/td>\n<td>3<\/td>\n<td>\u00a0<\/td>\n<td>24<\/td>\n<\/tr>\n<tr>\n<td>S\u00e9miologie de la communication et analyse publicitaire<\/td>\n<td>3<\/td>\n<td>24<\/td>\n<td>\u00a0<\/td>\n<\/tr>\n<tr>\n<td>Atelier d&rsquo;expression \u00e9crite pour la communication 3<\/td>\n<td>3<\/td>\n<td>\u00a0<\/td>\n<td>24<\/td>\n<\/tr>\n<tr>\n<td><strong>U3 Anglais<\/strong><\/td>\n<td><strong>3<\/strong><\/td>\n<td>\u00a0<\/td>\n<td>\u00a0<\/td>\n<\/tr>\n<tr>\n<td>Anglais<\/td>\n<td>3<\/td>\n<td>\u00a0<\/td>\n<td>24<\/td>\n<\/tr>\n<tr>\n<td><strong>U4 Projets et exp\u00e9riences<\/strong><\/td>\n<td><strong>1,5<\/strong><\/td>\n<td>\u00a0<\/td>\n<td>\u00a0<\/td>\n<\/tr>\n<tr>\n<td>S\u2019outiller pour s\u2019ins\u00e9rer <em>ou<\/em> Sport<\/td>\n<td>1,5<\/td>\n<td>\u00a0<\/td>\n<td>12<\/td>\n<\/tr>\n<tr>\n<td><strong>U5 Comp\u00e9tences transversales<\/strong><\/td>\n<td><strong>1,5<\/strong><\/td>\n<td>\u00a0<\/td>\n<td>\u00a0<\/td>\n<\/tr>\n<tr>\n<td>Comp\u00e9tences num\u00e9riques : Web et Travail collaboratif<\/td>\n<td>1,5<\/td>\n<td>\u00a0<\/td>\n<td>18<\/td>\n<\/tr>\n<\/tbody>\n<\/table>\n<h3><strong>Troisi\u00e8me ann\u00e9e &#8211; Parcours communication web<\/strong><\/h3>\n<table>\n<tbody>\n<tr>\n<td width=\"70%\"><strong>SEMESTRE 5 (Parcours communication web)<\/strong><\/td>\n<td width=\"10%\">ECTS<\/td>\n<td width=\"10%\">CM<\/td>\n<td width=\"10%\">TD<\/td>\n<\/tr>\n<tr>\n<td><strong>U1 Communication, information 5<\/strong><\/td>\n<td><strong>15<\/strong><\/td>\n<td>\u00a0<\/td>\n<td>\u00a0<\/td>\n<\/tr>\n<tr>\n<td>Donn\u00e9es, information, document<\/td>\n<td>3<\/td>\n<td>24<\/td>\n<td>\u00a0<\/td>\n<\/tr>\n<tr>\n<td>Strat\u00e9gie marketing<\/td>\n<td>3<\/td>\n<td>24<\/td>\n<td>\u00a0<\/td>\n<\/tr>\n<tr>\n<td>Langages du Web<\/td>\n<td>4,5<\/td>\n<td>24<\/td>\n<td>12<\/td>\n<\/tr>\n<tr>\n<td>Conception Projet web<\/td>\n<td>4,5<\/td>\n<td>12<\/td>\n<td>24<\/td>\n<\/tr>\n<tr>\n<td><strong>U2 Connaissances et comp\u00e9tences communicationnelles 5<\/strong><\/td>\n<td><strong>9<\/strong><\/td>\n<td>\u00a0<\/td>\n<td>\u00a0<\/td>\n<\/tr>\n<tr>\n<td>Discours texte 2 <em>ou<\/em> Bases de raisonnement <em>ou<\/em> Communication publique<\/td>\n<td>3<\/td>\n<td>\u00a0<\/td>\n<td>24<\/td>\n<\/tr>\n<tr>\n<td>Participation num\u00e9rique<\/td>\n<td>3<\/td>\n<td>24<\/td>\n<td>\u00a0<\/td>\n<\/tr>\n<tr>\n<td>Atelier Insertion professionnelle<\/td>\n<td>3<\/td>\n<td>\u00a0<\/td>\n<td>24<\/td>\n<\/tr>\n<tr>\n<td><strong>U3 Anglais<\/strong><\/td>\n<td><strong>3<\/strong><\/td>\n<td>\u00a0<\/td>\n<td>\u00a0<\/td>\n<\/tr>\n<tr>\n<td>Anglais<\/td>\n<td>3<\/td>\n<td>\u00a0<\/td>\n<td>24<\/td>\n<\/tr>\n<tr>\n<td><strong>U4 Projet(s) et exp\u00e9rience(s) de l&rsquo;\u00e9tudiant.e<\/strong><\/td>\n<td><strong>1,5<\/strong><\/td>\n<td>\u00a0<\/td>\n<td>\u00a0<\/td>\n<\/tr>\n<tr>\n<td>Projet encadr\u00e9<\/td>\n<td>1,5<\/td>\n<td>\u00a0<\/td>\n<td>12<\/td>\n<\/tr>\n<tr>\n<td><strong>U5 Comp\u00e9tences transversales<\/strong><\/td>\n<td><strong>1,5<\/strong><\/td>\n<td>\u00a0<\/td>\n<td>\u00a0<\/td>\n<\/tr>\n<tr>\n<td>Ateliers d\u2019\u00e9loquence<\/td>\n<td>1.5<\/td>\n<td>\u00a0<\/td>\n<td>18<\/td>\n<\/tr>\n<\/tbody>\n<\/table>\n<table>\n<tbody>\n<tr>\n<td width=\"70%\"><strong>SEMESTRE 6<\/strong><\/td>\n<td width=\"10%\">ECTS<\/td>\n<td width=\"10%\">CM<\/td>\n<td width=\"10%\">TD<\/td>\n<\/tr>\n<tr>\n<td><strong>U1 Stage<\/strong><\/td>\n<td><strong>30<\/strong><\/td>\n<td>\u00a0<\/td>\n<td>\u00a0<\/td>\n<\/tr>\n<tr>\n<td>M\u00e9thodologie du rapport de stage<\/td>\n<td>15<\/td>\n<td>\u00a0<\/td>\n<td>24<\/td>\n<\/tr>\n<tr>\n<td>Stage obligatoire (min 3 mois)<\/td>\n<td>15<\/td>\n<td>\u00a0<\/td>\n<td>\u00a0<\/td>\n<\/tr>\n<\/tbody>\n<\/table>\n<h3><strong>Troisi\u00e8me ann\u00e9e &#8211; Parcours communication audiovisuelle<\/strong><\/h3>\n<table>\n<tbody>\n<tr>\n<td width=\"70%\"><strong>SEMESTRE 5 (Parcours communication audiovisuelle)<\/strong><\/td>\n<td width=\"10%\">ECTS<\/td>\n<td width=\"10%\">CM<\/td>\n<td width=\"10%\">TD<\/td>\n<\/tr>\n<tr>\n<td><strong>U1 Communication, information 5<\/strong><\/td>\n<td><strong>15<\/strong><\/td>\n<td>\u00a0<\/td>\n<td>\u00a0<\/td>\n<\/tr>\n<tr>\n<td>Donn\u00e9es, information, document<\/td>\n<td>3<\/td>\n<td>24<\/td>\n<td>\u00a0<\/td>\n<\/tr>\n<tr>\n<td>Strat\u00e9gie marketing<\/td>\n<td>3<\/td>\n<td>24<\/td>\n<td>\u00a0<\/td>\n<\/tr>\n<tr>\n<td>Langages audiovisuels<\/td>\n<td>4,5<\/td>\n<td>24<\/td>\n<td>12<\/td>\n<\/tr>\n<tr>\n<td>Conception Projet vid\u00e9o<\/td>\n<td>4,5<\/td>\n<td>12<\/td>\n<td>24<\/td>\n<\/tr>\n<tr>\n<td><strong>U2 Connaissances et comp\u00e9tences communicationnelles 5<\/strong><\/td>\n<td><strong>9<\/strong><\/td>\n<td>\u00a0<\/td>\n<td>\u00a0<\/td>\n<\/tr>\n<tr>\n<td>Discours texte 2 <em>ou<\/em> Bases de raisonnement <em>ou<\/em> Communication publique<\/td>\n<td>3<\/td>\n<td>\u00a0<\/td>\n<td>24<\/td>\n<\/tr>\n<tr>\n<td>Participation num\u00e9rique<\/td>\n<td>3<\/td>\n<td>24<\/td>\n<td>\u00a0<\/td>\n<\/tr>\n<tr>\n<td>Atelier Insertion professionnelle<\/td>\n<td>3<\/td>\n<td>\u00a0<\/td>\n<td>24<\/td>\n<\/tr>\n<tr>\n<td><strong>U3 Anglais<\/strong><\/td>\n<td><strong>3<\/strong><\/td>\n<td>\u00a0<\/td>\n<td>\u00a0<\/td>\n<\/tr>\n<tr>\n<td>Anglais<\/td>\n<td>3<\/td>\n<td>\u00a0<\/td>\n<td>24<\/td>\n<\/tr>\n<tr>\n<td><strong>U4 Projet(s) et exp\u00e9rience(s) de l&rsquo;\u00e9tudiant.e<\/strong><\/td>\n<td><strong>1,5<\/strong><\/td>\n<td>\u00a0<\/td>\n<td>\u00a0<\/td>\n<\/tr>\n<tr>\n<td>Projet encadr\u00e9<\/td>\n<td>1,5<\/td>\n<td>\u00a0<\/td>\n<td>12<\/td>\n<\/tr>\n<tr>\n<td><strong>U5 Comp\u00e9tences transversales<\/strong><\/td>\n<td><strong>1,5<\/strong><\/td>\n<td>\u00a0<\/td>\n<td>\u00a0<\/td>\n<\/tr>\n<tr>\n<td>Ateliers d\u2019\u00e9loquence<\/td>\n<td>1.5<\/td>\n<td>\u00a0<\/td>\n<td>18<\/td>\n<\/tr>\n<\/tbody>\n<\/table>\n<table>\n<tbody>\n<tr>\n<td width=\"70%\"><strong>SEMESTRE 6<\/strong><\/td>\n<td width=\"10%\">ECTS<\/td>\n<td width=\"10%\">CM<\/td>\n<td width=\"10%\">TD<\/td>\n<\/tr>\n<tr>\n<td><strong>U1 Stage<\/strong><\/td>\n<td><strong>30<\/strong><\/td>\n<td>\u00a0<\/td>\n<td>\u00a0<\/td>\n<\/tr>\n<tr>\n<td>M\u00e9thodologie du rapport de stage<\/td>\n<td>15<\/td>\n<td>\u00a0<\/td>\n<td>24<\/td>\n<\/tr>\n<tr>\n<td>Stage obligatoire (min 3 mois)<\/td>\n<td>15<\/td>\n<td>\u00a0<\/td>\n<td>\u00a0<\/td>\n<\/tr>\n<\/tbody>\n<\/table>","protected":false},"excerpt":{"rendered":"<p>Nous travaillons actuellement \u00e0 la finalisation de la nouvelle maquette de la licence, qui entrera en vigueur \u00e0 la rentr\u00e9e de septembre 2026. Quelques cours ont \u00e9t\u00e9 modifi\u00e9s et ajout\u00e9s, pour suivre l&rsquo;\u00e9volution du domaine, tandis que les deux parcours de L3 ont \u00e9t\u00e9 fusionn\u00e9s en un seul. Des ajustements sont encore possibles. Le programme [&hellip;]<\/p>\n","protected":false},"author":5,"featured_media":0,"parent":0,"menu_order":0,"comment_status":"closed","ping_status":"closed","template":"","meta":[],"_links":{"self":[{"href":"https:\/\/licence-infocom.parisnanterre.fr\/index.php\/wp-json\/wp\/v2\/pages\/222"}],"collection":[{"href":"https:\/\/licence-infocom.parisnanterre.fr\/index.php\/wp-json\/wp\/v2\/pages"}],"about":[{"href":"https:\/\/licence-infocom.parisnanterre.fr\/index.php\/wp-json\/wp\/v2\/types\/page"}],"author":[{"embeddable":true,"href":"https:\/\/licence-infocom.parisnanterre.fr\/index.php\/wp-json\/wp\/v2\/users\/5"}],"replies":[{"embeddable":true,"href":"https:\/\/licence-infocom.parisnanterre.fr\/index.php\/wp-json\/wp\/v2\/comments?post=222"}],"version-history":[{"count":19,"href":"https:\/\/licence-infocom.parisnanterre.fr\/index.php\/wp-json\/wp\/v2\/pages\/222\/revisions"}],"predecessor-version":[{"id":519,"href":"https:\/\/licence-infocom.parisnanterre.fr\/index.php\/wp-json\/wp\/v2\/pages\/222\/revisions\/519"}],"wp:attachment":[{"href":"https:\/\/licence-infocom.parisnanterre.fr\/index.php\/wp-json\/wp\/v2\/media?parent=222"}],"curies":[{"name":"wp","href":"https:\/\/api.w.org\/{rel}","templated":true}]}}