{"id":180,"date":"2019-03-28T13:31:26","date_gmt":"2019-03-28T13:31:26","guid":{"rendered":"https:\/\/licence-infocom.parisnanterre.fr\/?page_id=180"},"modified":"2025-02-27T10:28:53","modified_gmt":"2025-02-27T10:28:53","slug":"inscriptions","status":"publish","type":"page","link":"https:\/\/licence-infocom.parisnanterre.fr\/index.php\/inscriptions\/","title":{"rendered":"Candidature en L1"},"content":{"rendered":"\n<p>Les candidatures en premi\u00e8re ann\u00e9e (L1) de la licence  Information-Communication de l&rsquo;Universit\u00e9 Paris Nanterre se font <strong>sur la plateforme <a href=\"https:\/\/dossier.parcoursup.fr\/Candidats\/public\/fiches\/afficherFicheFormation?g_ta_cod=26813\" data-type=\"URL\" data-id=\"https:\/\/dossier.parcoursup.fr\/Candidats\/public\/fiches\/afficherFicheFormation?g_ta_cod=26813\">Parcoursup<\/a>.<\/strong> La p\u00e9riode de d\u00e9p\u00f4t des dossiers est fix\u00e9e par le calendrier national de Parcoursup.<\/p>\n\n\n\n<p>  <\/p>\n\n\n\n<p>Les candidats doivent r\u00e9pondre aux attendus suivants :<\/p>\n\n\n\n<ul>\n<li>savoir mobiliser des comp\u00e9tences en mati\u00e8re d\u2019<strong>expression \u00e9crite et orale<\/strong> afin de pouvoir analyser, argumenter et raisonner de mani\u00e8re convaincante ;<\/li>\n\n\n\n<li>\u00eatre sensibilis\u00e9 aux pratiques de la <strong>communication num\u00e9rique<\/strong> ;<\/li>\n\n\n\n<li>disposer d\u2019une <strong>bonne culture g\u00e9n\u00e9rale<\/strong> et faire preuve de curiosit\u00e9 intellectuelle ;<\/li>\n\n\n\n<li>pouvoir travailler de fa\u00e7on autonome.<\/li>\n<\/ul>\n\n\n\n<p>  <\/p>\n\n\n\n<p>L&rsquo;\u00e9valuation des dossiers porte principalement sur :<\/p>\n\n\n\n<ul>\n<li>les <strong>notes de premi\u00e8re et des terminale<\/strong>, notamment en fran\u00e7ais, histoire-g\u00e9ographie et langues vivantes ;<\/li>\n\n\n\n<li>la <strong>fiche avenir<\/strong>, notamment pour \u00e9valuer la m\u00e9thodes de travail, l&rsquo;autonomie et la capacit\u00e9 \u00e0 s&rsquo;investir ;<\/li>\n\n\n\n<li>la <strong>lettre de motivation<\/strong>, pour d\u00e9crire l&rsquo;int\u00e9r\u00eat pour le domaine de l&rsquo;information-communication et les \u00e9ventuelles projets ou exp\u00e9riences ayant influenc\u00e9 ce choix.<\/li>\n<\/ul>\n\n\n\n<p>Les crit\u00e8res d&rsquo;\u00e9valuation d\u00e9taill\u00e9s, ainsi que les r\u00e9sultats des pr\u00e9c\u00e9dentes campagnes d&rsquo;admission sont d\u00e9taill\u00e9s sur la plateforme Parcoursup.<\/p>\n","protected":false},"excerpt":{"rendered":"<p>Les candidatures en premi\u00e8re ann\u00e9e (L1) de la licence Information-Communication de l&rsquo;Universit\u00e9 Paris Nanterre se font sur la plateforme Parcoursup. La p\u00e9riode de d\u00e9p\u00f4t des dossiers est fix\u00e9e par le calendrier national de Parcoursup. Les candidats doivent r\u00e9pondre aux attendus suivants : L&rsquo;\u00e9valuation des dossiers porte principalement sur : Les crit\u00e8res d&rsquo;\u00e9valuation d\u00e9taill\u00e9s, ainsi que [&hellip;]<\/p>\n","protected":false},"author":1,"featured_media":0,"parent":0,"menu_order":0,"comment_status":"closed","ping_status":"closed","template":"","meta":[],"_links":{"self":[{"href":"https:\/\/licence-infocom.parisnanterre.fr\/index.php\/wp-json\/wp\/v2\/pages\/180"}],"collection":[{"href":"https:\/\/licence-infocom.parisnanterre.fr\/index.php\/wp-json\/wp\/v2\/pages"}],"about":[{"href":"https:\/\/licence-infocom.parisnanterre.fr\/index.php\/wp-json\/wp\/v2\/types\/page"}],"author":[{"embeddable":true,"href":"https:\/\/licence-infocom.parisnanterre.fr\/index.php\/wp-json\/wp\/v2\/users\/1"}],"replies":[{"embeddable":true,"href":"https:\/\/licence-infocom.parisnanterre.fr\/index.php\/wp-json\/wp\/v2\/comments?post=180"}],"version-history":[{"count":18,"href":"https:\/\/licence-infocom.parisnanterre.fr\/index.php\/wp-json\/wp\/v2\/pages\/180\/revisions"}],"predecessor-version":[{"id":504,"href":"https:\/\/licence-infocom.parisnanterre.fr\/index.php\/wp-json\/wp\/v2\/pages\/180\/revisions\/504"}],"wp:attachment":[{"href":"https:\/\/licence-infocom.parisnanterre.fr\/index.php\/wp-json\/wp\/v2\/media?parent=180"}],"curies":[{"name":"wp","href":"https:\/\/api.w.org\/{rel}","templated":true}]}}